{"id":5633,"date":"2020-07-01T12:00:51","date_gmt":"2020-07-01T10:00:51","guid":{"rendered":"http:\/\/niksinfra.nl\/?page_id=5633"},"modified":"2026-02-13T14:51:28","modified_gmt":"2026-02-13T13:51:28","slug":"over-niks-infra","status":"publish","type":"page","link":"https:\/\/niksinfra.nl\/de\/over-niks-infra\/","title":{"rendered":"\u00dcber Niks Infra"},"content":{"rendered":"<div class=\"wpb-content-wrapper\"><div class=\"vc_row wpb_row vc_row-fluid vc_custom_1624363169871 vc_row-o-equal-height vc_row-flex wpex-vc-full-width-row wpex-vc-full-width-row--no-padding wpex-relative wpex-vc-has-custom-column-spacing wpex-vc-column-spacing-0px wpex-vc_row-has-fill no-bottom-margins wpex-vc-reset-negative-margin\" data-ls_id=\"#diensten\" tabindex=\"-1\"><div data-vc-parallax=\"1.5\" data-vc-parallax-image=\"https:\/\/niksinfra.nl\/wp-content\/uploads\/2024\/03\/IMG_9006.jpeg\" style=\"animation-duration:0.9s;\" class=\"wpb_column wpb_animate_when_almost_visible wpb_slideInLeft slideInLeft vc_column_container vc_col-sm-4 wpex-vc_col-has-fill vc_general vc_parallax vc_parallax-content-moving\"><div style=\"min-height:250px;\" class=\"vc_column-inner vc_custom_1770989779395\"><div class=\"wpb_wrapper\"><\/div><\/div><\/div><div style=\"animation-delay:0.6s;\" class=\"wpb_column wpb_animate_when_almost_visible wpb_bottom-to-top bottom-to-top vc_column_container vc_col-sm-8\"><div class=\"vc_column-inner vc_custom_1624967518511\"><div class=\"wpb_wrapper\"><style>.vcex-heading.vcex_69d5a3f2641df{width:800px;}<\/style><h1 class=\"vcex-heading vcex-heading-plain vcex-module wpex-heading wpex-text-2xl wpex-max-w-100 wpex-mx-auto vcex_69d5a3f2641df\"><span class=\"vcex-heading-inner wpex-inline-block\">Spezialisiert auf die Verlegung unterirdischer Infrastruktur<\/span><\/h1>\n\t<div class=\"wpb_text_column wpb_content_element\" >\n\t\t<div class=\"wpb_wrapper\">\n\t\t\t<p>Niks Infra BV ist ein Bauunternehmen, spezialisiert auf die Verlegung unterirdischer Infrastruktur. Mit rund 20 Mitarbeitern sind wir ein zuverl\u00e4ssiges Unternehmen ohne Schnickschnack mit kurzen Wegen.<\/p>\n\n\t\t<\/div>\n\t<\/div>\n<\/div><\/div><\/div><\/div><div class=\"vc_row wpb_row vc_row-fluid vc_custom_1624363375682 vc_row-o-equal-height vc_row-flex wpex-vc-full-width-row wpex-vc-full-width-row--no-padding wpex-relative wpex-vc-has-custom-column-spacing wpex-vc-column-spacing-0px wpex-vc_row-has-fill no-bottom-margins wpex-vc-reset-negative-margin\"><div style=\"animation-duration:0.9s;animation-delay:0.8s;\" class=\"wpb_column wpb_animate_when_almost_visible wpb_bottom-to-top bottom-to-top vc_column_container vc_col-sm-8\"><div class=\"vc_column-inner vc_custom_1624967600861\"><div class=\"wpb_wrapper\"><h2 class=\"vcex-heading vcex-heading-plain vcex-module wpex-heading wpex-text-2xl\"><span class=\"vcex-heading-inner wpex-inline-block\">Qualit\u00e4t, Sicherheit und Nachhaltigkeit<\/span><\/h2>\n\t<div style=\"color:#000000;\" class=\"wpb_text_column has-custom-color wpex-child-inherit-color wpb_content_element\" >\n\t\t<div class=\"wpb_wrapper\">\n\t\t\t<p>Wir verf\u00fcgen \u00fcber einen jungen Maschinenpark und erfahrene Kollegen, die die Arbeiten mit gro\u00dfem Einsatz ausf\u00fchren, wobei Qualit\u00e4t, Sicherheit und Nachhaltigkeit an erster Stelle stehen.<\/p>\n\n\t\t<\/div>\n\t<\/div>\n<\/div><\/div><\/div><div data-vc-parallax=\"1.5\" data-vc-parallax-image=\"https:\/\/niksinfra.nl\/wp-content\/uploads\/2024\/03\/Tracto-333.jpg\" style=\"animation-duration:0.9s;animation-delay:0.3s;\" class=\"wpb_column wpb_animate_when_almost_visible wpb_slideInRight slideInRight vc_column_container vc_col-sm-4 wpex-vc_col-has-fill vc_general vc_parallax vc_parallax-content-moving\"><div class=\"vc_column-inner vc_custom_1770989686467\"><div class=\"wpb_wrapper\"><\/div><\/div><\/div><\/div><div class=\"vc_row wpb_row vc_row-fluid vc_custom_1624362806730 vc_row-o-equal-height vc_row-flex wpex-vc-full-width-row wpex-vc-full-width-row--no-padding wpex-relative wpex-vc-has-custom-column-spacing wpex-vc-column-spacing-0px wpex-vc_row-has-fill no-bottom-margins wpex-vc-reset-negative-margin\" data-ls_id=\"#diensten\" tabindex=\"-1\"><div data-vc-parallax=\"1.5\" data-vc-parallax-image=\"https:\/\/niksinfra.nl\/wp-content\/uploads\/2021\/06\/gele-lijnen.jpg\" style=\"animation-duration:0.9s;\" class=\"wpb_column wpb_animate_when_almost_visible wpb_slideInUp slideInUp vc_column_container vc_col-sm-4 wpex-vc_col-has-fill vc_general vc_parallax vc_parallax-content-moving\"><div style=\"min-height:250px;\" class=\"vc_column-inner vc_custom_1624967567067\"><div class=\"wpb_wrapper\"><\/div><\/div><\/div><div style=\"animation-duration:0.9s;animation-delay:0.3s;\" class=\"wpb_column wpb_animate_when_almost_visible wpb_right-to-left right-to-left vc_column_container vc_col-sm-8\"><div class=\"vc_column-inner vc_custom_1624967617265\"><div class=\"wpb_wrapper\"><h2 class=\"vcex-heading vcex-heading-plain vcex-module wpex-heading wpex-text-2xl\"><span class=\"vcex-heading-inner wpex-inline-block\">Der ideale Partner f\u00fcr ein optimales Ergebnis<\/span><\/h2>\n\t<div class=\"wpb_text_column wpb_content_element\" >\n\t\t<div class=\"wpb_wrapper\">\n\t\t\t<p>Da wir \u00fcber viel Wissen und Erfahrung verf\u00fcgen, stets im Sinne des Auftraggebers mitdenken und schnell reagieren k\u00f6nnen, sind wir der ideale Partner, um gemeinsam ein optimales Ergebnis zu erreichen.<\/p>\n\n\t\t<\/div>\n\t<\/div>\n<\/div><\/div><\/div><\/div><div class=\"vc_row wpb_row vc_row-fluid wpb_animate_when_almost_visible wpb_fadeInUp fadeInUp vc_custom_1624967625592 vc_row-o-equal-height vc_row-flex wpex-vc-full-width-row wpex-vc-full-width-row--centered wpex-relative wpex-vc_row-has-fill no-bottom-margins wpex-vc-reset-negative-margin\"><div class=\"wpb_column vc_column_container vc_col-sm-12\"><div class=\"vc_column-inner vc_custom_1624368981576\"><div class=\"wpb_wrapper\"><style>.vcex-heading.vcex_69d5a3f26be62{color:#ffffff;}<\/style><h2 class=\"vcex-heading vcex-heading-plain vcex-module wpex-heading wpex-text-2xl wpex-text-center vcex_69d5a3f26be62\"><span class=\"vcex-heading-inner wpex-inline-block\">Lernen wir uns kennen<\/span><\/h2><style> style=\"width:500px;\"<\/style><div class=\"vcex-form-shortcode vcex-module wpex-form wpex-m-auto wpex-max-w-100 light-form full-width-input vc_custom_1623674395640\" style=\"width:500px;\">\n<div class=\"wpcf7 no-js\" id=\"wpcf7-f5288-o1\" lang=\"nl-NL\" dir=\"ltr\" data-wpcf7-id=\"5288\">\n<div class=\"screen-reader-response\"><p role=\"status\" aria-live=\"polite\" aria-atomic=\"true\"><\/p> <ul><\/ul><\/div>\n<form action=\"\/de\/wp-json\/wp\/v2\/pages\/5633#wpcf7-f5288-o1\" method=\"post\" class=\"wpcf7-form init\" aria-label=\"Contactformulier\" novalidate=\"novalidate\" data-status=\"init\" data-trp-original-action=\"\/de\/wp-json\/wp\/v2\/pages\/5633#wpcf7-f5288-o1\">\n<fieldset class=\"hidden-fields-container\"><input type=\"hidden\" name=\"_wpcf7\" value=\"5288\" \/><input type=\"hidden\" name=\"_wpcf7_version\" value=\"6.1.5\" \/><input type=\"hidden\" name=\"_wpcf7_locale\" value=\"nl_NL\" \/><input type=\"hidden\" name=\"_wpcf7_unit_tag\" value=\"wpcf7-f5288-o1\" \/><input type=\"hidden\" name=\"_wpcf7_container_post\" value=\"0\" \/><input type=\"hidden\" name=\"_wpcf7_posted_data_hash\" value=\"\" \/>\n<\/fieldset>\n<p class=\"one-half first\">Name*\n<\/p>\n<p><span class=\"wpcf7-form-control-wrap\" data-name=\"your-name\"><input size=\"40\" maxlength=\"400\" class=\"wpcf7-form-control wpcf7-text wpcf7-validates-as-required\" aria-required=\"true\" aria-invalid=\"false\" value=\"\" type=\"text\" name=\"your-name\" \/><\/span>\n<\/p>\n<p class=\"one-half\">E-mail*\n<\/p>\n<p><span class=\"wpcf7-form-control-wrap\" data-name=\"your-email\"><input size=\"40\" maxlength=\"400\" class=\"wpcf7-form-control wpcf7-email wpcf7-validates-as-required wpcf7-text wpcf7-validates-as-email\" aria-required=\"true\" aria-invalid=\"false\" value=\"\" type=\"email\" name=\"your-email\" \/><\/span>\n<\/p>\n<p><span id=\"wpcf7-69d5a3f273529-wrapper\" class=\"wpcf7-form-control-wrap Website-wrap\" style=\"display:none !important; visibility:hidden !important;\"><label for=\"wpcf7-69d5a3f273529-field\" class=\"hp-message\">Gelieve dit veld leeg te laten.<\/label><input id=\"wpcf7-69d5a3f273529-field\"  class=\"wpcf7-form-control wpcf7-text\" type=\"text\" name=\"Website\" value=\"\" size=\"40\" tabindex=\"-1\" autocomplete=\"new-password\" \/><\/span>\n<\/p>\n<p><label> Nachricht<br \/>\n<span class=\"wpcf7-form-control-wrap\" data-name=\"your-message\"><textarea cols=\"40\" rows=\"10\" maxlength=\"2000\" class=\"wpcf7-form-control wpcf7-textarea\" aria-invalid=\"false\" name=\"your-message\"><\/textarea><\/span> <\/label>\n<\/p>\n<p><input class=\"wpcf7-form-control wpcf7-submit has-spinner\" type=\"submit\" value=\"Senden\" \/>\n<\/p><p style=\"display: none !important;\" class=\"akismet-fields-container\" data-prefix=\"_wpcf7_ak_\"><label>&#916;<textarea name=\"_wpcf7_ak_hp_textarea\" cols=\"45\" rows=\"8\" maxlength=\"100\"><\/textarea><\/label><input type=\"hidden\" id=\"ak_js_1\" name=\"_wpcf7_ak_js\" value=\"134\"\/><script>document.getElementById( \"ak_js_1\" ).setAttribute( \"value\", ( new Date() ).getTime() );<\/script><\/p><div class=\"wpcf7-response-output\" aria-hidden=\"true\"><\/div>\n<input type=\"hidden\" name=\"trp-form-language\" value=\"de\"\/><\/form>\n<\/div>\n<\/div><\/div><\/div><\/div><\/div>\n<\/div>","protected":false},"excerpt":{"rendered":"Gespecialiseerd in het aanleggen van ondergrondse infrastructuur Niks Infra BV is een aannemingsbedrijf, gespecialiseerd in het aanleggen van ondergrondse infrastructuur. Met zo\u2019n 20 medewerkers vormen wij een betrouwbaar no-nonsense bedrijf met korte lijnen. Kwaliteit, veiligheid en duurzaamheid Wij beschikken over jong materieel en ervaren collega\u2019s die met veel inzet de werkzaamheden uitvoeren, waarbij kwaliteit, veiligheid&hellip;","protected":false},"author":2,"featured_media":0,"parent":0,"menu_order":0,"comment_status":"closed","ping_status":"closed","template":"templates\/no-sidebar.php","meta":{"footnotes":""},"class_list":["post-5633","page","type-page","status-publish","hentry","entry","no-media"],"yoast_head":"<!-- This site is optimized with the Yoast SEO plugin v26.8 - https:\/\/yoast.com\/product\/yoast-seo-wordpress\/ -->\n<title>Over Niks Infra - Niks Infra B.V.<\/title>\n<meta name=\"robots\" content=\"index, follow, max-snippet:-1, max-image-preview:large, max-video-preview:-1\" \/>\n<link rel=\"canonical\" href=\"https:\/\/niksinfra.nl\/de\/over-niks-infra\/\" \/>\n<meta property=\"og:locale\" content=\"de_DE\" \/>\n<meta property=\"og:type\" content=\"article\" \/>\n<meta property=\"og:title\" content=\"Over Niks Infra - Niks Infra B.V.\" \/>\n<meta property=\"og:url\" content=\"https:\/\/niksinfra.nl\/de\/over-niks-infra\/\" \/>\n<meta property=\"og:site_name\" content=\"Niks Infra B.V.\" \/>\n<meta property=\"article:modified_time\" content=\"2026-02-13T13:51:28+00:00\" \/>\n<meta name=\"twitter:card\" content=\"summary_large_image\" \/>\n<meta name=\"twitter:label1\" content=\"Gesch\u00e4tzte Lesezeit\" \/>\n\t<meta name=\"twitter:data1\" content=\"3\u00a0Minuten\" \/>\n<script type=\"application\/ld+json\" class=\"yoast-schema-graph\">{\"@context\":\"https:\/\/schema.org\",\"@graph\":[{\"@type\":\"WebPage\",\"@id\":\"https:\/\/niksinfra.nl\/over-niks-infra\/\",\"url\":\"https:\/\/niksinfra.nl\/over-niks-infra\/\",\"name\":\"Over Niks Infra - Niks Infra B.V.\",\"isPartOf\":{\"@id\":\"https:\/\/niksinfra.nl\/#website\"},\"datePublished\":\"2020-07-01T10:00:51+00:00\",\"dateModified\":\"2026-02-13T13:51:28+00:00\",\"breadcrumb\":{\"@id\":\"https:\/\/niksinfra.nl\/over-niks-infra\/#breadcrumb\"},\"inLanguage\":\"de\",\"potentialAction\":[{\"@type\":\"ReadAction\",\"target\":[\"https:\/\/niksinfra.nl\/over-niks-infra\/\"]}]},{\"@type\":\"BreadcrumbList\",\"@id\":\"https:\/\/niksinfra.nl\/over-niks-infra\/#breadcrumb\",\"itemListElement\":[{\"@type\":\"ListItem\",\"position\":1,\"name\":\"Home\",\"item\":\"https:\/\/niksinfra.nl\/\"},{\"@type\":\"ListItem\",\"position\":2,\"name\":\"Over Niks Infra\"}]},{\"@type\":\"WebSite\",\"@id\":\"https:\/\/niksinfra.nl\/#website\",\"url\":\"https:\/\/niksinfra.nl\/\",\"name\":\"Niks Infra B.V.\",\"description\":\"Aannemingsbedrijf gespecialiseerd in het aanleggen van ondergrondse infrastructuur\",\"publisher\":{\"@id\":\"https:\/\/niksinfra.nl\/#organization\"},\"potentialAction\":[{\"@type\":\"SearchAction\",\"target\":{\"@type\":\"EntryPoint\",\"urlTemplate\":\"https:\/\/niksinfra.nl\/?s={search_term_string}\"},\"query-input\":{\"@type\":\"PropertyValueSpecification\",\"valueRequired\":true,\"valueName\":\"search_term_string\"}}],\"inLanguage\":\"de\"},{\"@type\":\"Organization\",\"@id\":\"https:\/\/niksinfra.nl\/#organization\",\"name\":\"Niks Infra B.V.\",\"url\":\"https:\/\/niksinfra.nl\/\",\"logo\":{\"@type\":\"ImageObject\",\"inLanguage\":\"de\",\"@id\":\"https:\/\/niksinfra.nl\/#\/schema\/logo\/image\/\",\"url\":\"https:\/\/niksinfra.nl\/wp-content\/uploads\/2021\/06\/logo.png\",\"contentUrl\":\"https:\/\/niksinfra.nl\/wp-content\/uploads\/2021\/06\/logo.png\",\"width\":400,\"height\":150,\"caption\":\"Niks Infra B.V.\"},\"image\":{\"@id\":\"https:\/\/niksinfra.nl\/#\/schema\/logo\/image\/\"}}]}<\/script>\n<!-- \/ Yoast SEO plugin. -->","yoast_head_json":{"title":"Over Niks Infra - Niks Infra B.V.","robots":{"index":"index","follow":"follow","max-snippet":"max-snippet:-1","max-image-preview":"max-image-preview:large","max-video-preview":"max-video-preview:-1"},"canonical":"https:\/\/niksinfra.nl\/de\/over-niks-infra\/","og_locale":"de_DE","og_type":"article","og_title":"Over Niks Infra - Niks Infra B.V.","og_url":"https:\/\/niksinfra.nl\/de\/over-niks-infra\/","og_site_name":"Niks Infra B.V.","article_modified_time":"2026-02-13T13:51:28+00:00","twitter_card":"summary_large_image","twitter_misc":{"Gesch\u00e4tzte Lesezeit":"3\u00a0Minuten"},"schema":{"@context":"https:\/\/schema.org","@graph":[{"@type":"WebPage","@id":"https:\/\/niksinfra.nl\/over-niks-infra\/","url":"https:\/\/niksinfra.nl\/over-niks-infra\/","name":"Over Niks Infra - Niks Infra B.V.","isPartOf":{"@id":"https:\/\/niksinfra.nl\/#website"},"datePublished":"2020-07-01T10:00:51+00:00","dateModified":"2026-02-13T13:51:28+00:00","breadcrumb":{"@id":"https:\/\/niksinfra.nl\/over-niks-infra\/#breadcrumb"},"inLanguage":"de","potentialAction":[{"@type":"ReadAction","target":["https:\/\/niksinfra.nl\/over-niks-infra\/"]}]},{"@type":"BreadcrumbList","@id":"https:\/\/niksinfra.nl\/over-niks-infra\/#breadcrumb","itemListElement":[{"@type":"ListItem","position":1,"name":"Home","item":"https:\/\/niksinfra.nl\/"},{"@type":"ListItem","position":2,"name":"Over Niks Infra"}]},{"@type":"WebSite","@id":"https:\/\/niksinfra.nl\/#website","url":"https:\/\/niksinfra.nl\/","name":"Niks Infra B.V.","description":"Aannemingsbedrijf gespecialiseerd in het aanleggen van ondergrondse infrastructuur","publisher":{"@id":"https:\/\/niksinfra.nl\/#organization"},"potentialAction":[{"@type":"SearchAction","target":{"@type":"EntryPoint","urlTemplate":"https:\/\/niksinfra.nl\/?s={search_term_string}"},"query-input":{"@type":"PropertyValueSpecification","valueRequired":true,"valueName":"search_term_string"}}],"inLanguage":"de"},{"@type":"Organization","@id":"https:\/\/niksinfra.nl\/#organization","name":"Niks Infra B.V.","url":"https:\/\/niksinfra.nl\/","logo":{"@type":"ImageObject","inLanguage":"de","@id":"https:\/\/niksinfra.nl\/#\/schema\/logo\/image\/","url":"https:\/\/niksinfra.nl\/wp-content\/uploads\/2021\/06\/logo.png","contentUrl":"https:\/\/niksinfra.nl\/wp-content\/uploads\/2021\/06\/logo.png","width":400,"height":150,"caption":"Niks Infra B.V."},"image":{"@id":"https:\/\/niksinfra.nl\/#\/schema\/logo\/image\/"}}]}},"_links":{"self":[{"href":"https:\/\/niksinfra.nl\/de\/wp-json\/wp\/v2\/pages\/5633","targetHints":{"allow":["GET"]}}],"collection":[{"href":"https:\/\/niksinfra.nl\/de\/wp-json\/wp\/v2\/pages"}],"about":[{"href":"https:\/\/niksinfra.nl\/de\/wp-json\/wp\/v2\/types\/page"}],"author":[{"embeddable":true,"href":"https:\/\/niksinfra.nl\/de\/wp-json\/wp\/v2\/users\/2"}],"replies":[{"embeddable":true,"href":"https:\/\/niksinfra.nl\/de\/wp-json\/wp\/v2\/comments?post=5633"}],"version-history":[{"count":90,"href":"https:\/\/niksinfra.nl\/de\/wp-json\/wp\/v2\/pages\/5633\/revisions"}],"predecessor-version":[{"id":15956,"href":"https:\/\/niksinfra.nl\/de\/wp-json\/wp\/v2\/pages\/5633\/revisions\/15956"}],"wp:attachment":[{"href":"https:\/\/niksinfra.nl\/de\/wp-json\/wp\/v2\/media?parent=5633"}],"curies":[{"name":"wp","href":"https:\/\/api.w.org\/{rel}","templated":true}]}}