{"id":6338,"date":"2021-06-21T11:57:02","date_gmt":"2021-06-21T09:57:02","guid":{"rendered":"https:\/\/niksinfra.nl\/?page_id=6338"},"modified":"2021-06-30T11:33:52","modified_gmt":"2021-06-30T09:33:52","slug":"vakkundig-in-zorgvuldige-engineering-en-digitaal-inmeten","status":"publish","type":"page","link":"https:\/\/niksinfra.nl\/de\/vakkundig-in-zorgvuldige-engineering-en-digitaal-inmeten\/","title":{"rendered":"Fachkundig in sorgf\u00e4ltigem Engineering und digitaler Vermessung"},"content":{"rendered":"<div class=\"wpb-content-wrapper\"><div class=\"vc_row wpb_row vc_row-fluid vc_custom_1624953361690 wpex-vc-full-width-row wpex-vc-full-width-row--centered wpex-relative wpex-vc-has-custom-column-spacing wpex-vc-column-spacing-40 wpex-vc_row-has-fill no-bottom-margins wpex-vc-reset-negative-margin wpex-has-overlay wpex-has-overlay--69d5a4365d47a\" style=\"min-height:400px;\"><div class=\"wpex-bg-overlay-wrap wpex-absolute wpex-inset-0 wpex-rounded-inherit\"><style class=\"wpex-bg-overlay-css\">.wpex-has-overlay--69d5a4365d47a > .wpex-bg-overlay-wrap .wpex-bg-overlay{background-color:rgba(0,0,0,0.47);}<\/style><span class=\"wpex-bg-overlay color wpex-absolute wpex-inset-0 wpex-rounded-inherit wpex-duration-500 wpex-opacity-60 wpex-bg-black\"><\/span><\/div><div class=\"wpb_column vc_column_container vc_col-sm-8 wpex-vc_col-has-fill typography-white-shadow\"><div class=\"vc_column-inner bg-fixed wpex-vc-bg-fixed wpex-vc-bg-center vc_custom_1624953376075\"><div class=\"wpb_wrapper\"><h1 class=\"vcex-heading vcex-heading-plain vcex-module wpex-heading wpex-text-2xl\"><span class=\"vcex-heading-inner wpex-inline-block\">Fachkundig in sorgf\u00e4ltigem Engineering und digitaler Vermessung<\/span><\/h1>\n\t<div style=\"color:#ededed;font-size:20px;font-weight:600;\" class=\"wpb_text_column has-custom-color wpex-child-inherit-color wpb_content_element vc_custom_1624348669420\" >\n\t\t<div class=\"wpb_wrapper\">\n\t\t\t<p>Engineering und digitales Vermessen ist ein Fachgebiet f\u00fcr sich. Niks Infra verf\u00fcgt \u00fcber ein engagiertes und fachkundiges Team, das l\u00f6sungsorientiert arbeitet und gerne gemeinsam mit dem Auftraggeber mitdenkt, um das optimale Ergebnis zu erreichen.<\/p>\n\n\t\t<\/div>\n\t<\/div>\n<\/div><\/div><\/div><div class=\"wpb_column vc_column_container vc_col-sm-4\"><div class=\"vc_column-inner\"><div class=\"wpb_wrapper\"><\/div><\/div><\/div><\/div><div class=\"vc_row wpb_row vc_row-fluid vc_custom_1624268575738 wpex-vc-full-width-row wpex-vc-full-width-row--centered wpex-relative wpex-vc_row-has-fill wpex-vc-reset-negative-margin\"><div class=\"wpb_column vc_column_container vc_col-sm-12\"><div style=\"margin-bottom: 0px;\" class=\"vc_column-inner\"><div class=\"wpb_wrapper\"><h2 class=\"vcex-heading vcex-heading-plain vcex-module wpex-heading wpex-text-2xl\"><span class=\"vcex-heading-inner wpex-inline-block\">Spezialisierte Expertise in Engineering und digitaler Vermessung<\/span><\/h2><style>.vcex_69d5a43664047{font-size:18px!important;}@media (max-width:1024px){.vcex_69d5a43664047{font-size:18px!important;}}@media (max-width:959px){.vcex_69d5a43664047{font-size:16px!important;}}@media (max-width:767px){.vcex_69d5a43664047{font-size:16px!important;}}@media (max-width:479px){.vcex_69d5a43664047{font-size:16px!important;}}<\/style>\n\t<div class=\"wpb_text_column vcex_69d5a43664047 wpb_content_element vc_custom_1625045446932\" >\n\t\t<div class=\"wpb_wrapper\">\n\t\t\t<p>Bei gesteuerten Bohrungen, der Verlegung von Kabel und Leitungstrassen, Aushubarbeiten und Pflasterarbeiten ist vieles zu beachten. Es erfordert nicht nur spezialisierte Planung und digitale Vermessung, sondern auch fundiertes Verst\u00e4ndnis der technischen Projektaspekte, von Umweltauflagen und Vorschriften. Niks Infra verf\u00fcgt \u00fcber eigene Experten, die f\u00fcr effiziente und sorgf\u00e4ltige, ma\u00dfgeschneiderte Planungen sorgen. Die Ingenieure von Niks Infra haben umfangreiche Erfahrung bei der Auswahl geeigneter Materialien und der passenden Ausf\u00fchrungsmethode.<\/p>\n\n\t\t<\/div>\n\t<\/div>\n<\/div><\/div><\/div><\/div><div class=\"vc_row wpb_row vc_row-fluid vc_custom_1623337552404 vc_row-o-equal-height vc_row-flex wpex-vc-full-width-row wpex-vc-full-width-row--centered wpex-relative wpex-vc-has-custom-column-spacing wpex-vc-column-spacing-0px wpex-vc_row-has-fill no-bottom-margins wpex-vc-reset-negative-margin\"><div class=\"wpb_column vc_column_container vc_col-sm-12 wpex-vc_col-has-fill\"><div class=\"vc_column-inner vc_custom_1623337333857\"><div class=\"wpb_wrapper\"><h2 class=\"vcex-heading vcex-heading-plain vcex-module wpex-heading wpex-text-2xl\"><span class=\"vcex-heading-inner wpex-inline-block\">So ist unser Vorgehen bei gesteuerten Bohrungen<\/span><\/h2>\n\t<div class=\"wpb_text_column wpb_content_element\" >\n\t\t<div class=\"wpb_wrapper\">\n\t\t\t<p>Horizontal gesteuerte Bohrungen sind die ideale L\u00f6sung, um Kabel und Leitungen zu verlegen, ohne die Umgebung zu beeintr\u00e4chtigen. H\u00e4ufig ist ein Aushub nicht m\u00f6glich, weil sich Hindernisse im Trassenverlauf befinden. Denken Sie dabei an B\u00e4ume, Gew\u00e4sser, Stra\u00dfen, Fundamente oder bestehende Kabel und Leitungen. Eine gesteuerte Bohrung bietet in solchen F\u00e4llen die passende L\u00f6sung. Niks Infra ist daf\u00fcr Ihr idealer Partner. Mit unserem modernen und vielseitig einsetzbaren Maschinenpark bohren wir unterirdisch \u00fcber jede Entfernung.<\/p>\n<p>Egal wie komplex ein Bohrprojekt ist, mit unserer langj\u00e4hrigen Erfahrung und engagierten Fachkr\u00e4ften finden wir gemeinsam mit Ihnen die beste L\u00f6sung. Anhand eines detaillierten Projektplans begleitet Niks Infra Sie durch den gesamten Prozess, von der Vorbereitung bis zur Fertigstellung.<\/p>\n\n\t\t<\/div>\n\t<\/div>\n<\/div><\/div><\/div><\/div><div class=\"vc_row wpb_row vc_row-fluid vc_custom_1624267882561 vc_column-gap-15 vc_row-o-equal-height vc_row-flex wpex-vc-full-width-row wpex-vc-full-width-row--centered wpex-relative wpex-vc-has-custom-column-spacing wpex-vc-column-spacing-40 wpex-vc_row-has-fill no-bottom-margins wpex-vc-reset-negative-margin\" data-ls_id=\"#diensten\" tabindex=\"-1\"><div class=\"wpb_column vc_column_container vc_col-sm-6\"><div style=\"min-height:250px;\" class=\"vc_column-inner\"><div class=\"wpb_wrapper\"><h2 class=\"vcex-heading vcex-heading-plain vcex-module wpex-heading wpex-text-2xl\"><span class=\"vcex-heading-inner wpex-inline-block\">Fortschrittliche GPS Ausr\u00fcstung f\u00fcr digitale Vermessung<\/span><\/h2><style>.vcex_69d5a4366863a{font-size:18px!important;}@media (max-width:1024px){.vcex_69d5a4366863a{font-size:18px!important;}}@media (max-width:959px){.vcex_69d5a4366863a{font-size:16px!important;}}@media (max-width:767px){.vcex_69d5a4366863a{font-size:16px!important;}}@media (max-width:479px){.vcex_69d5a4366863a{font-size:16px!important;}}<\/style>\n\t<div class=\"wpb_text_column vcex_69d5a4366863a wpb_content_element vc_custom_1624349450108\" >\n\t\t<div class=\"wpb_wrapper\">\n\t\t\t<p>Wir verf\u00fcgen au\u00dferdem \u00fcber moderne GPS Ausr\u00fcstung, mit der wir eine Trasse und die erforderlichen gesteuerten Bohrungen pr\u00e4zise digital einmessen k\u00f6nnen. Eine zuverl\u00e4ssige Vermessung ist notwendig, um die Grundlagen f\u00fcr Anpassungen der Infrastruktur festzulegen. Einige Beispiele aus unserer t\u00e4glichen Praxis, in denen wir digital vermessen, sind:<\/p>\n\n\t\t<\/div>\n\t<\/div>\n<\/div><\/div><\/div><div class=\"wpb_column vc_column_container vc_col-sm-6\"><div class=\"vc_column-inner\"><div class=\"wpb_wrapper\"><style>.vcex-icon-box.vcex_69d5a4366ac89 .vcex-icon-box-content{color:#000000;font-weight:600;}.vcex-icon-box.vcex_69d5a4366ac89 .vcex-icon-box-heading{margin-bottom:-2px;font-size:20px;}.vcex-icon-box.vcex_69d5a4366ac89 .vcex-icon-box-image{width:40px;}@media (max-width:1024px){.vcex-icon-box.vcex_69d5a4366ac89 .vcex-icon-box-heading{font-size:18px;}}@media (max-width:959px){.vcex-icon-box.vcex_69d5a4366ac89 .vcex-icon-box-heading{font-size:18px;}}@media (max-width:767px){.vcex-icon-box.vcex_69d5a4366ac89 .vcex-icon-box-heading{font-size:18px;}}@media (max-width:479px){.vcex-icon-box.vcex_69d5a4366ac89 .vcex-icon-box-heading{font-size:18px;}}<\/style><div class=\"vcex-module vcex-icon-box vcex-icon-box-one wpex-flex wpex-text-left vc_custom_1624349477572 vcex_69d5a4366ac89\"><div class=\"vcex-icon-box-symbol vcex-icon-box-symbol--image wpex-flex-shrink-0 wpex-mr-20\"><img loading=\"lazy\" class=\"vcex-icon-box-image wpex-align-middle\" decoding=\"async\" src=\"https:\/\/niksinfra.nl\/wp-content\/uploads\/2021\/06\/Pijltjes-40x40.png\" alt=\"\" srcset=\"https:\/\/niksinfra.nl\/wp-content\/uploads\/2021\/06\/Pijltjes-40x40.png 40w, https:\/\/niksinfra.nl\/wp-content\/uploads\/2021\/06\/Pijltjes-150x150.png 150w, https:\/\/niksinfra.nl\/wp-content\/uploads\/2021\/06\/Pijltjes-30x30.png 30w, https:\/\/niksinfra.nl\/wp-content\/uploads\/2021\/06\/Pijltjes.png 153w\" width=\"40\" height=\"40\"><\/div><div class=\"vcex-icon-box-text wpex-flex-grow\"><h2 class=\"vcex-icon-box-heading wpex-heading\">Das Abstecken von Erdarbeiten<\/h2><\/div><\/div><style>.vcex-icon-box.vcex_69d5a4366d958 .vcex-icon-box-content{color:#000000;font-weight:600;}.vcex-icon-box.vcex_69d5a4366d958 .vcex-icon-box-heading{margin-bottom:-2px;font-size:20px;}.vcex-icon-box.vcex_69d5a4366d958 .vcex-icon-box-image{width:40px;}@media (max-width:1024px){.vcex-icon-box.vcex_69d5a4366d958 .vcex-icon-box-heading{font-size:18px;}}@media (max-width:959px){.vcex-icon-box.vcex_69d5a4366d958 .vcex-icon-box-heading{font-size:18px;}}@media (max-width:767px){.vcex-icon-box.vcex_69d5a4366d958 .vcex-icon-box-heading{font-size:18px;}}@media (max-width:479px){.vcex-icon-box.vcex_69d5a4366d958 .vcex-icon-box-heading{font-size:18px;}}<\/style><div class=\"vcex-module vcex-icon-box vcex-icon-box-one wpex-flex wpex-text-left vc_custom_1624349501334 vcex_69d5a4366d958\"><div class=\"vcex-icon-box-symbol vcex-icon-box-symbol--image wpex-flex-shrink-0 wpex-mr-20\"><img loading=\"lazy\" class=\"vcex-icon-box-image wpex-align-middle\" decoding=\"async\" src=\"https:\/\/niksinfra.nl\/wp-content\/uploads\/2021\/06\/Pijltjes-40x40.png\" alt=\"\" srcset=\"https:\/\/niksinfra.nl\/wp-content\/uploads\/2021\/06\/Pijltjes-40x40.png 40w, https:\/\/niksinfra.nl\/wp-content\/uploads\/2021\/06\/Pijltjes-150x150.png 150w, https:\/\/niksinfra.nl\/wp-content\/uploads\/2021\/06\/Pijltjes-30x30.png 30w, https:\/\/niksinfra.nl\/wp-content\/uploads\/2021\/06\/Pijltjes.png 153w\" width=\"40\" height=\"40\"><\/div><div class=\"vcex-icon-box-text wpex-flex-grow\"><h2 class=\"vcex-icon-box-heading wpex-heading\">Durchf\u00fchrung von H\u00f6henmessungen<\/h2><\/div><\/div><style>.vcex-icon-box.vcex_69d5a4366f7fd .vcex-icon-box-content{color:#000000;font-weight:600;}.vcex-icon-box.vcex_69d5a4366f7fd .vcex-icon-box-heading{margin-bottom:-2px;font-size:20px;}.vcex-icon-box.vcex_69d5a4366f7fd .vcex-icon-box-image{width:40px;}@media (max-width:1024px){.vcex-icon-box.vcex_69d5a4366f7fd .vcex-icon-box-heading{font-size:18px;}}@media (max-width:959px){.vcex-icon-box.vcex_69d5a4366f7fd .vcex-icon-box-heading{font-size:18px;}}@media (max-width:767px){.vcex-icon-box.vcex_69d5a4366f7fd .vcex-icon-box-heading{font-size:18px;}}@media (max-width:479px){.vcex-icon-box.vcex_69d5a4366f7fd .vcex-icon-box-heading{font-size:18px;}}<\/style><div class=\"vcex-module vcex-icon-box vcex-icon-box-one wpex-flex wpex-text-left vc_custom_1624349517442 vcex_69d5a4366f7fd\"><div class=\"vcex-icon-box-symbol vcex-icon-box-symbol--image wpex-flex-shrink-0 wpex-mr-20\"><img loading=\"lazy\" class=\"vcex-icon-box-image wpex-align-middle\" decoding=\"async\" src=\"https:\/\/niksinfra.nl\/wp-content\/uploads\/2021\/06\/Pijltjes-40x40.png\" alt=\"\" srcset=\"https:\/\/niksinfra.nl\/wp-content\/uploads\/2021\/06\/Pijltjes-40x40.png 40w, https:\/\/niksinfra.nl\/wp-content\/uploads\/2021\/06\/Pijltjes-150x150.png 150w, https:\/\/niksinfra.nl\/wp-content\/uploads\/2021\/06\/Pijltjes-30x30.png 30w, https:\/\/niksinfra.nl\/wp-content\/uploads\/2021\/06\/Pijltjes.png 153w\" width=\"40\" height=\"40\"><\/div><div class=\"vcex-icon-box-text wpex-flex-grow\"><h2 class=\"vcex-icon-box-heading wpex-heading\">Einmessen f\u00fcr Planung und Engineering<\/h2><\/div><\/div><style>.vcex-icon-box.vcex_69d5a4367134a .vcex-icon-box-content{color:#000000;font-weight:600;}.vcex-icon-box.vcex_69d5a4367134a .vcex-icon-box-heading{margin-bottom:-2px;font-size:20px;}.vcex-icon-box.vcex_69d5a4367134a .vcex-icon-box-image{width:40px;}@media (max-width:1024px){.vcex-icon-box.vcex_69d5a4367134a .vcex-icon-box-heading{font-size:18px;}}@media (max-width:959px){.vcex-icon-box.vcex_69d5a4367134a .vcex-icon-box-heading{font-size:18px;}}@media (max-width:767px){.vcex-icon-box.vcex_69d5a4367134a .vcex-icon-box-heading{font-size:18px;}}@media (max-width:479px){.vcex-icon-box.vcex_69d5a4367134a .vcex-icon-box-heading{font-size:18px;}}<\/style><div class=\"vcex-module vcex-icon-box vcex-icon-box-one wpex-flex wpex-text-left vc_custom_1624349548807 vcex_69d5a4367134a\"><div class=\"vcex-icon-box-symbol vcex-icon-box-symbol--image wpex-flex-shrink-0 wpex-mr-20\"><img loading=\"lazy\" class=\"vcex-icon-box-image wpex-align-middle\" decoding=\"async\" src=\"https:\/\/niksinfra.nl\/wp-content\/uploads\/2021\/06\/Pijltjes-40x40.png\" alt=\"\" srcset=\"https:\/\/niksinfra.nl\/wp-content\/uploads\/2021\/06\/Pijltjes-40x40.png 40w, https:\/\/niksinfra.nl\/wp-content\/uploads\/2021\/06\/Pijltjes-150x150.png 150w, https:\/\/niksinfra.nl\/wp-content\/uploads\/2021\/06\/Pijltjes-30x30.png 30w, https:\/\/niksinfra.nl\/wp-content\/uploads\/2021\/06\/Pijltjes.png 153w\" width=\"40\" height=\"40\"><\/div><div class=\"vcex-icon-box-text wpex-flex-grow\"><h2 class=\"vcex-icon-box-heading wpex-heading\">Bestandszeichnungen<\/h2><\/div><\/div><style>.vcex-icon-box.vcex_69d5a43672beb .vcex-icon-box-content{color:#000000;font-weight:600;}.vcex-icon-box.vcex_69d5a43672beb .vcex-icon-box-heading{margin-bottom:-2px;font-size:20px;}.vcex-icon-box.vcex_69d5a43672beb .vcex-icon-box-image{width:40px;}@media (max-width:1024px){.vcex-icon-box.vcex_69d5a43672beb .vcex-icon-box-heading{font-size:18px;}}@media (max-width:959px){.vcex-icon-box.vcex_69d5a43672beb .vcex-icon-box-heading{font-size:18px;}}@media (max-width:767px){.vcex-icon-box.vcex_69d5a43672beb .vcex-icon-box-heading{font-size:18px;}}@media (max-width:479px){.vcex-icon-box.vcex_69d5a43672beb .vcex-icon-box-heading{font-size:18px;}}<\/style><div class=\"vcex-module vcex-icon-box vcex-icon-box-one wpex-flex wpex-text-left vc_custom_1624349536497 vcex_69d5a43672beb\"><div class=\"vcex-icon-box-symbol vcex-icon-box-symbol--image wpex-flex-shrink-0 wpex-mr-20\"><img loading=\"lazy\" class=\"vcex-icon-box-image wpex-align-middle\" decoding=\"async\" src=\"https:\/\/niksinfra.nl\/wp-content\/uploads\/2021\/06\/Pijltjes-40x40.png\" alt=\"\" srcset=\"https:\/\/niksinfra.nl\/wp-content\/uploads\/2021\/06\/Pijltjes-40x40.png 40w, https:\/\/niksinfra.nl\/wp-content\/uploads\/2021\/06\/Pijltjes-150x150.png 150w, https:\/\/niksinfra.nl\/wp-content\/uploads\/2021\/06\/Pijltjes-30x30.png 30w, https:\/\/niksinfra.nl\/wp-content\/uploads\/2021\/06\/Pijltjes.png 153w\" width=\"40\" height=\"40\"><\/div><div class=\"vcex-icon-box-text wpex-flex-grow\"><h2 class=\"vcex-icon-box-heading wpex-heading\">Die Positionierung von ober und unterirdischen Infrastrukturen<\/h2><\/div><\/div><\/div><\/div><\/div><\/div><div class=\"vc_row wpb_row vc_row-fluid vc_custom_1624268597096 vc_row-o-equal-height vc_row-flex wpex-vc-full-width-row wpex-vc-full-width-row--centered wpex-relative wpex-vc_row-has-fill no-bottom-margins wpex-vc-reset-negative-margin\"><div class=\"wpb_column vc_column_container vc_col-sm-8\"><div class=\"vc_column-inner vc_custom_1624268604150\"><div class=\"wpb_wrapper\"><h2 class=\"vcex-heading vcex-heading-plain vcex-module wpex-heading wpex-text-2xl\"><span class=\"vcex-heading-inner wpex-inline-block\">Gr\u00fcndliche Planung bei jedem Projektplan<\/span><\/h2><style>.vcex_69d5a43675ffa{font-size:18px!important;}@media (max-width:1024px){.vcex_69d5a43675ffa{font-size:18px!important;}}@media (max-width:959px){.vcex_69d5a43675ffa{font-size:16px!important;}}@media (max-width:767px){.vcex_69d5a43675ffa{font-size:16px!important;}}@media (max-width:479px){.vcex_69d5a43675ffa{font-size:16px!important;}}<\/style>\n\t<div style=\"color:#000000;\" class=\"wpb_text_column vcex_69d5a43675ffa has-custom-color wpex-child-inherit-color wpb_content_element vc_custom_1624349607419\" >\n\t\t<div class=\"wpb_wrapper\">\n\t\t\t<p>Eine gr\u00fcndliche und ma\u00dfgeschneiderte Planung ist erforderlich, um nicht nur einen detaillierten Projektplan zu erstellen, sondern Sie auch zu m\u00f6glichen Alternativen in der technischen Ausf\u00fchrung zu beraten. Besonders dann, wenn f\u00fcr gesteuerte Bohrungen oder die Verlegung von Kabeln und Leitungen eine lokale oder regionale Genehmigung erforderlich ist.<\/p>\n<p>Zu den Engineering Aufgaben von Niks Infra geh\u00f6ren unter anderem die Erstellung von Bestandsaufnahmen sowie das Anfertigen von Skizzen, endg\u00fcltigen Ausf\u00fchrungszeichnungen und Berechnungen, unter anderem auf Basis von Sondierungsdaten. Da wir Sie von Anfang bis Ende eng in das Projekt einbeziehen, kann schnell und effizient auf W\u00fcnsche, Anforderungen und \u00c4nderungen im Plan reagiert werden.<\/p>\n<p>Digitale Vermessung mit GPS Ausr\u00fcstung und Engineering sind wesentliche Bestandteile aller Aktivit\u00e4ten von Niks Infra. Das gew\u00e4hrleistet, dass wir Ihnen die bestm\u00f6gliche Qualit\u00e4t bieten k\u00f6nnen, weil ein Projekt bei uns von A bis Z unter Kontrolle ist.<\/p>\n\n\t\t<\/div>\n\t<\/div>\n<\/div><\/div><\/div><div class=\"wpb_column vc_column_container vc_col-sm-4 wpex-vc_col-has-fill\"><div style=\"min-height:250px;background-position:center right!important;\" class=\"vc_column-inner vc_custom_1625044305816\"><div class=\"wpb_wrapper\"><\/div><\/div><\/div><\/div><div class=\"vc_row wpb_row vc_row-fluid vc_custom_1624349736110 vc_row-o-equal-height vc_row-flex wpex-vc-full-width-row wpex-vc-full-width-row--centered wpex-relative wpex-vc_row-has-fill no-bottom-margins wpex-vc-reset-negative-margin\"><div class=\"wpb_column vc_column_container vc_col-sm-12 wpex-vc_col-has-fill typography-white-shadow\"><div class=\"vc_column-inner vc_custom_1624349741642\"><div class=\"wpb_wrapper\"><style>.vcex-heading.vcex_69d5a43677d6b{color:#ffffff;font-size:24px;font-family:'Arial Black', Gadget, sans-serif;font-weight:700;}<\/style><h2 class=\"vcex-heading vcex-heading-plain vcex-module wpex-heading wpex-text-2xl wpex-text-center vc_custom_1624969050832 vcex_69d5a43677d6b\"><span class=\"vcex-heading-inner wpex-inline-block\">Mehr erfahren \u00fcber<\/span><\/h2><style>.vcex-multi-buttons.vcex_69d5a4367a530{gap:20px;}<\/style><div class=\"vcex-multi-buttons wpex-flex wpex-flex-wrap wpex-items-center wpex-gap-10 wpex-justify-center vcex-small-screen-full-width vcex_69d5a4367a530\"><a href=\"https:\/\/niksinfra.nl\/de\/gestuurde-boringen\/\" title=\"Gesteuerte Bohrungen\" class=\"theme-button flat outline-transparent wpex-text-center vcex-count-1\">Gesteuerte Bohrungen<\/a><a href=\"https:\/\/niksinfra.nl\/de\/aanleggen-van-kabels-en-leidingen-in-eigen-beheer\/\" title=\"Verlegung von Kabeln und Leitungen in Eigenregie\" class=\"theme-button flat outline-transparent wpex-text-center vcex-count-2\">Verlegung von Kabeln und Leitungen<\/a><a href=\"https:\/\/niksinfra.nl\/de\/gespecialiseerde-graafwerkzaamheden\/\" title=\"Gespecialiseerde graafwerkzaamheden\" class=\"theme-button flat outline-transparent wpex-text-center vcex-count-3\">Aushubarbeiten<\/a><\/div><\/div><\/div><\/div><\/div>\n<\/div>","protected":false},"excerpt":{"rendered":"Vakkundig in zorgvuldige engineering en digitaal inmeten Engineering en digitaal inmeten is een vak apart. Niks Infra beschikt over een enthousiast en vakkundig team dat oplossingsgericht is ingesteld en graag samen met de opdrachtgever mee wil denken om tot het optimale resultaat te komen. Gespecialiseerde inzichten in engineering en digitaal inmeten Er komt veel kijken&hellip;","protected":false},"author":5,"featured_media":0,"parent":0,"menu_order":0,"comment_status":"closed","ping_status":"closed","template":"","meta":{"footnotes":""},"class_list":["post-6338","page","type-page","status-publish","hentry","entry","no-media"],"yoast_head":"<!-- This site is optimized with the Yoast SEO plugin v26.8 - https:\/\/yoast.com\/product\/yoast-seo-wordpress\/ -->\n<title>Vakkundig in zorgvuldige engineering en digitaal inmeten - Niks Infra B.V.<\/title>\n<meta name=\"robots\" content=\"index, follow, max-snippet:-1, max-image-preview:large, max-video-preview:-1\" \/>\n<link rel=\"canonical\" href=\"https:\/\/niksinfra.nl\/de\/vakkundig-in-zorgvuldige-engineering-en-digitaal-inmeten\/\" \/>\n<meta property=\"og:locale\" content=\"de_DE\" \/>\n<meta property=\"og:type\" content=\"article\" \/>\n<meta property=\"og:title\" content=\"Vakkundig in zorgvuldige engineering en digitaal inmeten - Niks Infra B.V.\" \/>\n<meta property=\"og:url\" content=\"https:\/\/niksinfra.nl\/de\/vakkundig-in-zorgvuldige-engineering-en-digitaal-inmeten\/\" \/>\n<meta property=\"og:site_name\" content=\"Niks Infra B.V.\" \/>\n<meta property=\"article:modified_time\" content=\"2021-06-30T09:33:52+00:00\" \/>\n<meta name=\"twitter:card\" content=\"summary_large_image\" \/>\n<meta name=\"twitter:label1\" content=\"Gesch\u00e4tzte Lesezeit\" \/>\n\t<meta name=\"twitter:data1\" content=\"7\u00a0Minuten\" \/>\n<script type=\"application\/ld+json\" class=\"yoast-schema-graph\">{\"@context\":\"https:\/\/schema.org\",\"@graph\":[{\"@type\":\"WebPage\",\"@id\":\"https:\/\/niksinfra.nl\/vakkundig-in-zorgvuldige-engineering-en-digitaal-inmeten\/\",\"url\":\"https:\/\/niksinfra.nl\/vakkundig-in-zorgvuldige-engineering-en-digitaal-inmeten\/\",\"name\":\"Vakkundig in zorgvuldige engineering en digitaal inmeten - Niks Infra B.V.\",\"isPartOf\":{\"@id\":\"https:\/\/niksinfra.nl\/#website\"},\"datePublished\":\"2021-06-21T09:57:02+00:00\",\"dateModified\":\"2021-06-30T09:33:52+00:00\",\"breadcrumb\":{\"@id\":\"https:\/\/niksinfra.nl\/vakkundig-in-zorgvuldige-engineering-en-digitaal-inmeten\/#breadcrumb\"},\"inLanguage\":\"de\",\"potentialAction\":[{\"@type\":\"ReadAction\",\"target\":[\"https:\/\/niksinfra.nl\/vakkundig-in-zorgvuldige-engineering-en-digitaal-inmeten\/\"]}]},{\"@type\":\"BreadcrumbList\",\"@id\":\"https:\/\/niksinfra.nl\/vakkundig-in-zorgvuldige-engineering-en-digitaal-inmeten\/#breadcrumb\",\"itemListElement\":[{\"@type\":\"ListItem\",\"position\":1,\"name\":\"Home\",\"item\":\"https:\/\/niksinfra.nl\/\"},{\"@type\":\"ListItem\",\"position\":2,\"name\":\"Vakkundig in zorgvuldige engineering en digitaal inmeten\"}]},{\"@type\":\"WebSite\",\"@id\":\"https:\/\/niksinfra.nl\/#website\",\"url\":\"https:\/\/niksinfra.nl\/\",\"name\":\"Niks Infra B.V.\",\"description\":\"Aannemingsbedrijf gespecialiseerd in het aanleggen van ondergrondse infrastructuur\",\"publisher\":{\"@id\":\"https:\/\/niksinfra.nl\/#organization\"},\"potentialAction\":[{\"@type\":\"SearchAction\",\"target\":{\"@type\":\"EntryPoint\",\"urlTemplate\":\"https:\/\/niksinfra.nl\/?s={search_term_string}\"},\"query-input\":{\"@type\":\"PropertyValueSpecification\",\"valueRequired\":true,\"valueName\":\"search_term_string\"}}],\"inLanguage\":\"de\"},{\"@type\":\"Organization\",\"@id\":\"https:\/\/niksinfra.nl\/#organization\",\"name\":\"Niks Infra B.V.\",\"url\":\"https:\/\/niksinfra.nl\/\",\"logo\":{\"@type\":\"ImageObject\",\"inLanguage\":\"de\",\"@id\":\"https:\/\/niksinfra.nl\/#\/schema\/logo\/image\/\",\"url\":\"https:\/\/niksinfra.nl\/wp-content\/uploads\/2021\/06\/logo.png\",\"contentUrl\":\"https:\/\/niksinfra.nl\/wp-content\/uploads\/2021\/06\/logo.png\",\"width\":400,\"height\":150,\"caption\":\"Niks Infra B.V.\"},\"image\":{\"@id\":\"https:\/\/niksinfra.nl\/#\/schema\/logo\/image\/\"}}]}<\/script>\n<!-- \/ Yoast SEO plugin. -->","yoast_head_json":{"title":"Vakkundig in zorgvuldige engineering en digitaal inmeten - Niks Infra B.V.","robots":{"index":"index","follow":"follow","max-snippet":"max-snippet:-1","max-image-preview":"max-image-preview:large","max-video-preview":"max-video-preview:-1"},"canonical":"https:\/\/niksinfra.nl\/de\/vakkundig-in-zorgvuldige-engineering-en-digitaal-inmeten\/","og_locale":"de_DE","og_type":"article","og_title":"Vakkundig in zorgvuldige engineering en digitaal inmeten - Niks Infra B.V.","og_url":"https:\/\/niksinfra.nl\/de\/vakkundig-in-zorgvuldige-engineering-en-digitaal-inmeten\/","og_site_name":"Niks Infra B.V.","article_modified_time":"2021-06-30T09:33:52+00:00","twitter_card":"summary_large_image","twitter_misc":{"Gesch\u00e4tzte Lesezeit":"7\u00a0Minuten"},"schema":{"@context":"https:\/\/schema.org","@graph":[{"@type":"WebPage","@id":"https:\/\/niksinfra.nl\/vakkundig-in-zorgvuldige-engineering-en-digitaal-inmeten\/","url":"https:\/\/niksinfra.nl\/vakkundig-in-zorgvuldige-engineering-en-digitaal-inmeten\/","name":"Vakkundig in zorgvuldige engineering en digitaal inmeten - Niks Infra B.V.","isPartOf":{"@id":"https:\/\/niksinfra.nl\/#website"},"datePublished":"2021-06-21T09:57:02+00:00","dateModified":"2021-06-30T09:33:52+00:00","breadcrumb":{"@id":"https:\/\/niksinfra.nl\/vakkundig-in-zorgvuldige-engineering-en-digitaal-inmeten\/#breadcrumb"},"inLanguage":"de","potentialAction":[{"@type":"ReadAction","target":["https:\/\/niksinfra.nl\/vakkundig-in-zorgvuldige-engineering-en-digitaal-inmeten\/"]}]},{"@type":"BreadcrumbList","@id":"https:\/\/niksinfra.nl\/vakkundig-in-zorgvuldige-engineering-en-digitaal-inmeten\/#breadcrumb","itemListElement":[{"@type":"ListItem","position":1,"name":"Home","item":"https:\/\/niksinfra.nl\/"},{"@type":"ListItem","position":2,"name":"Vakkundig in zorgvuldige engineering en digitaal inmeten"}]},{"@type":"WebSite","@id":"https:\/\/niksinfra.nl\/#website","url":"https:\/\/niksinfra.nl\/","name":"Niks Infra B.V.","description":"Aannemingsbedrijf gespecialiseerd in het aanleggen van ondergrondse infrastructuur","publisher":{"@id":"https:\/\/niksinfra.nl\/#organization"},"potentialAction":[{"@type":"SearchAction","target":{"@type":"EntryPoint","urlTemplate":"https:\/\/niksinfra.nl\/?s={search_term_string}"},"query-input":{"@type":"PropertyValueSpecification","valueRequired":true,"valueName":"search_term_string"}}],"inLanguage":"de"},{"@type":"Organization","@id":"https:\/\/niksinfra.nl\/#organization","name":"Niks Infra B.V.","url":"https:\/\/niksinfra.nl\/","logo":{"@type":"ImageObject","inLanguage":"de","@id":"https:\/\/niksinfra.nl\/#\/schema\/logo\/image\/","url":"https:\/\/niksinfra.nl\/wp-content\/uploads\/2021\/06\/logo.png","contentUrl":"https:\/\/niksinfra.nl\/wp-content\/uploads\/2021\/06\/logo.png","width":400,"height":150,"caption":"Niks Infra B.V."},"image":{"@id":"https:\/\/niksinfra.nl\/#\/schema\/logo\/image\/"}}]}},"_links":{"self":[{"href":"https:\/\/niksinfra.nl\/de\/wp-json\/wp\/v2\/pages\/6338","targetHints":{"allow":["GET"]}}],"collection":[{"href":"https:\/\/niksinfra.nl\/de\/wp-json\/wp\/v2\/pages"}],"about":[{"href":"https:\/\/niksinfra.nl\/de\/wp-json\/wp\/v2\/types\/page"}],"author":[{"embeddable":true,"href":"https:\/\/niksinfra.nl\/de\/wp-json\/wp\/v2\/users\/5"}],"replies":[{"embeddable":true,"href":"https:\/\/niksinfra.nl\/de\/wp-json\/wp\/v2\/comments?post=6338"}],"version-history":[{"count":14,"href":"https:\/\/niksinfra.nl\/de\/wp-json\/wp\/v2\/pages\/6338\/revisions"}],"predecessor-version":[{"id":6510,"href":"https:\/\/niksinfra.nl\/de\/wp-json\/wp\/v2\/pages\/6338\/revisions\/6510"}],"wp:attachment":[{"href":"https:\/\/niksinfra.nl\/de\/wp-json\/wp\/v2\/media?parent=6338"}],"curies":[{"name":"wp","href":"https:\/\/api.w.org\/{rel}","templated":true}]}}