{"id":6577,"date":"2021-07-08T09:31:50","date_gmt":"2021-07-08T07:31:50","guid":{"rendered":"https:\/\/niksinfra.nl\/?page_id=6577"},"modified":"2024-12-07T15:54:28","modified_gmt":"2024-12-07T14:54:28","slug":"certificering","status":"publish","type":"page","link":"https:\/\/niksinfra.nl\/de\/certificering\/","title":{"rendered":"Zertifizierung"},"content":{"rendered":"<div class=\"wpb-content-wrapper\"><div class=\"vc_row wpb_row vc_row-fluid vc_custom_1625732069614 vc_row-o-content-middle vc_row-flex wpex-vc-full-width-row wpex-vc-full-width-row--centered wpex-relative\"><div class=\"wpb_column vc_column_container vc_col-sm-8\"><div class=\"vc_column-inner\"><div class=\"wpb_wrapper\">\n\t<div class=\"wpb_text_column wpb_content_element\" >\n\t\t<div class=\"wpb_wrapper\">\n\t\t\t<p><h2 class=\"vcex-heading vcex-heading-plain vcex-module wpex-heading wpex-text-2xl\"><span class=\"vcex-heading-inner wpex-inline-block\">CKB zertifiziert<\/span><\/h2>\n\t<div class=\"wpb_text_column wpb_content_element\" >\n\t\t<div class=\"wpb_wrapper\">\n\t\t\t\n\t\t<\/div>\n\t<\/div>\nDie CKB Regelung hat das Ziel, Qualit\u00e4t, Sicherheit, Umweltschutz und Arbeitsbedingungen in der Kabel und Rohrleitungsbaubranche zu f\u00f6rdern und zu sichern, indem Anforderungen an das KAM Managementsystem (Qualit\u00e4t, Arbeitsschutz, Umwelt) der CKB zertifizierten Organisation gestellt werden.<\/p>\n<p>Damit weist Niks Infra nach, dass wir f\u00fcr die zertifizierten Prozesse:<\/p>\n<ul>\n<li>\u00fcber Mitarbeitende mit ausreichenden Kenntnissen und Erfahrungen verf\u00fcgen;<\/li>\n<li>\u00fcber das richtige Ger\u00e4t verf\u00fcgen;<\/li>\n<li>das Endergebnis ausreichend sicherstellen k\u00f6nnen;<\/li>\n<li>die Arbeiten fachgerecht ausf\u00fchren, wobei Sicherheit, Gesundheit und Umwelt ausreichend ber\u00fccksichtigt werden.<\/li>\n<\/ul>\n\n\t\t<\/div>\n\t<\/div>\n<\/div><\/div><\/div><div class=\"wpb_column vc_column_container vc_col-sm-4\"><div class=\"vc_column-inner\"><div class=\"wpb_wrapper\">\n\t<div class=\"wpb_text_column wpb_content_element\" >\n\t\t<div class=\"wpb_wrapper\">\n\t\t\t<figure class=\"vcex-image vcex-module\"><div class=\"vcex-image-inner wpex-relative wpex-inline-block\"><a href=\"https:\/\/niksinfra.nl\/wp-content\/uploads\/2024\/08\/Certificaat-CKB-2-8-24.jpg\" class=\"wpex-lightbox\"><img width=\"432\" height=\"610\" src=\"https:\/\/niksinfra.nl\/wp-content\/uploads\/2021\/07\/ckb-certificaat-afbeelding-e1625643649374.jpg\" class=\"vcex-image-img wpex-align-middle\" alt=\"\" loading=\"lazy\" decoding=\"async\" \/><\/a><\/div><\/figure>\n\n\t\t<\/div>\n\t<\/div>\n<\/div><\/div><\/div><\/div><div class=\"vc_row wpb_row vc_row-fluid vc_custom_1631178196478 vc_row-o-content-middle vc_row-flex wpex-vc-full-width-row wpex-vc-full-width-row--centered wpex-relative wpex-vc_row-has-fill wpex-vc-reset-negative-margin\"><div class=\"wpb_column vc_column_container vc_col-sm-8\"><div class=\"vc_column-inner\"><div class=\"wpb_wrapper\">\n\t<div class=\"wpb_text_column wpb_content_element\" >\n\t\t<div class=\"wpb_wrapper\">\n\t\t\t<p><h2 class=\"vcex-heading vcex-heading-plain vcex-module wpex-heading wpex-text-2xl\"><span class=\"vcex-heading-inner wpex-inline-block\">CO2 Prestatieladder Stufe 3<\/span><\/h2>\n\t<div class=\"wpb_text_column wpb_content_element\" >\n\t\t<div class=\"wpb_wrapper\">\n\t\t\t\n\t\t<\/div>\n\t<\/div>\nNiks Infra ist auf Stufe 3 der CO2 Prestatieladder zertifiziert. Damit stellen wir sicher, dass wir uns kontinuierlich bei der Reduzierung unseres CO2 Aussto\u00dfes verbessern.<\/p>\n<p>F\u00fcr weitere Informationen, <a href=\"https:\/\/www.co2-prestatieladder.nl\/deelnemers\/Niks_Infra_BV\">CO2-PRESTATIELADDER<\/a><\/p>\n<p>Wir haben uns dem Plattform angeschlossen <a href=\"https:\/\/www.duurzameleverancier.nl\/deelnemer\/250556\/Niks%20Infra%20BV\">De Duurzame Leverancier<\/a>, wobei wir aktiv an Treffen zusammen mit anderen Parteien innerhalb der Branche teilnehmen. Der nachhaltige Lieferant<br \/>\nist eine Plattform f\u00fcr Organisationen, die in Nachhaltigkeit investieren. Auftraggeber und<br \/>\nLieferanten werden gemeinsam dazu aufgefordert, ihre Nachhaltigkeitsvision zu teilen und die Lieferkette in Feedbackrunden und Ketteninitiativen gemeinsam zu st\u00e4rken.<\/p>\n<p>Die Initiative unterst\u00fctzt Lieferanten beim Aufbau einer nachhaltigen Unternehmensf\u00fchrung und Auftraggeber beim Finden nachhaltiger Lieferanten.<\/p>\n\n\t\t<\/div>\n\t<\/div>\n<\/div><\/div><\/div><div class=\"wpb_column vc_column_container vc_col-sm-4\"><div class=\"vc_column-inner\"><div class=\"wpb_wrapper\">\n\t<div  class=\"wpb_single_image wpb_content_element vc_align_ wpb_content_element wpex-lightbox\">\n\t\t\n\t\t<figure class=\"wpb_wrapper vc_figure\">\n\t\t\t<a href=\"https:\/\/niksinfra.nl\/wp-content\/uploads\/2024\/12\/Certificaat-CO2-per-1-12-24-afbeeldingen-0-scaled.jpg\" target=\"_self\" class=\"vc_single_image-wrapper   vc_box_border_grey\"><img width=\"1810\" height=\"2560\" src=\"https:\/\/niksinfra.nl\/wp-content\/uploads\/2024\/12\/Certificaat-CO2-per-1-12-24-afbeeldingen-0-scaled.jpg\" class=\"vc_single_image-img attachment-full\" alt=\"\" title=\"Certificaat CO2 per 1-12-24-afbeeldingen-0\" srcset=\"https:\/\/niksinfra.nl\/wp-content\/uploads\/2024\/12\/Certificaat-CO2-per-1-12-24-afbeeldingen-0-scaled.jpg 1810w, https:\/\/niksinfra.nl\/wp-content\/uploads\/2024\/12\/Certificaat-CO2-per-1-12-24-afbeeldingen-0-212x300.jpg 212w, https:\/\/niksinfra.nl\/wp-content\/uploads\/2024\/12\/Certificaat-CO2-per-1-12-24-afbeeldingen-0-724x1024.jpg 724w, https:\/\/niksinfra.nl\/wp-content\/uploads\/2024\/12\/Certificaat-CO2-per-1-12-24-afbeeldingen-0-768x1086.jpg 768w, https:\/\/niksinfra.nl\/wp-content\/uploads\/2024\/12\/Certificaat-CO2-per-1-12-24-afbeeldingen-0-1086x1536.jpg 1086w, https:\/\/niksinfra.nl\/wp-content\/uploads\/2024\/12\/Certificaat-CO2-per-1-12-24-afbeeldingen-0-1448x2048.jpg 1448w\" sizes=\"(max-width: 1810px) 100vw, 1810px\" \/><\/a>\n\t\t<\/figure>\n\t<\/div>\n<\/div><\/div><\/div><\/div><div class=\"vc_row wpb_row vc_row-fluid vc_custom_1625732087916 vc_row-o-content-middle vc_row-flex wpex-vc-full-width-row wpex-vc-full-width-row--centered wpex-relative\"><div class=\"wpb_column vc_column_container vc_col-sm-8\"><div class=\"vc_column-inner\"><div class=\"wpb_wrapper\">\n\t<div class=\"wpb_text_column wpb_content_element\" >\n\t\t<div class=\"wpb_wrapper\">\n\t\t\t<p><h2 class=\"vcex-heading vcex-heading-plain vcex-module wpex-heading wpex-text-2xl\"><span class=\"vcex-heading-inner wpex-inline-block\">ISO 9001 Zertifizierung<\/span><\/h2>\n\t<div class=\"wpb_text_column wpb_content_element\" >\n\t\t<div class=\"wpb_wrapper\">\n\t\t\t\n\t\t<\/div>\n\t<\/div>\nNiks Infra verf\u00fcgt \u00fcber eine ISO 9001 Zertifizierung.<\/p>\n<p>Die ISO 9001 Norm ist eine internationale Norm f\u00fcr Qualit\u00e4tsmanagementsysteme. Die ISO 9001 Norm ist Teil einer ganzen Reihe von ISO Normen, die h\u00e4ufig auf ein bestimmtes Produkt ausgerichtet sind. Die ISO 9001 Norm hingegen ist auf ein allgemeines Managementsystem ausgerichtet. Das bedeutet, dass die Inhalte des Qualit\u00e4tssystems in den Grundz\u00fcgen vorgegeben werden, die Norm jedoch nicht im Detail vorschreibt, wie dieses Managementsystem in jeder einzelnen Organisation gestaltet werden muss. Die ISO 9001 Norm legt in den Grundz\u00fcgen fest, dass die Organisation in der Lage sein muss, die Anforderungen der Kunden zu erf\u00fcllen, dass die f\u00fcr das Produkt oder die Dienstleistung geltenden gesetzlichen und beh\u00f6rdlichen Vorschriften angewendet werden m\u00fcssen und dass die Anforderungen, die sich die Organisation selbst stellt, eingehalten werden.<\/p>\n\n\t\t<\/div>\n\t<\/div>\n<\/div><\/div><\/div><div class=\"wpb_column vc_column_container vc_col-sm-4\"><div class=\"vc_column-inner\"><div class=\"wpb_wrapper\">\n\t<div class=\"wpb_text_column wpb_content_element\" >\n\t\t<div class=\"wpb_wrapper\">\n\t\t\t<figure class=\"vcex-image vcex-module\"><div class=\"vcex-image-inner wpex-relative wpex-inline-block\"><a href=\"https:\/\/niksinfra.nl\/wp-content\/uploads\/2024\/04\/ISO-9001-2015-certificaat-geldig-tot-20-04-2027-scaled.jpg\" class=\"wpex-lightbox\"><img width=\"1810\" height=\"2560\" src=\"https:\/\/niksinfra.nl\/wp-content\/uploads\/2024\/04\/ISO-9001-2015-certificaat-geldig-tot-20-04-2027-scaled.jpg\" class=\"vcex-image-img wpex-align-middle\" alt=\"\" loading=\"lazy\" decoding=\"async\" srcset=\"https:\/\/niksinfra.nl\/wp-content\/uploads\/2024\/04\/ISO-9001-2015-certificaat-geldig-tot-20-04-2027-scaled.jpg 1810w, https:\/\/niksinfra.nl\/wp-content\/uploads\/2024\/04\/ISO-9001-2015-certificaat-geldig-tot-20-04-2027-212x300.jpg 212w, https:\/\/niksinfra.nl\/wp-content\/uploads\/2024\/04\/ISO-9001-2015-certificaat-geldig-tot-20-04-2027-724x1024.jpg 724w, https:\/\/niksinfra.nl\/wp-content\/uploads\/2024\/04\/ISO-9001-2015-certificaat-geldig-tot-20-04-2027-768x1086.jpg 768w, https:\/\/niksinfra.nl\/wp-content\/uploads\/2024\/04\/ISO-9001-2015-certificaat-geldig-tot-20-04-2027-1086x1536.jpg 1086w, https:\/\/niksinfra.nl\/wp-content\/uploads\/2024\/04\/ISO-9001-2015-certificaat-geldig-tot-20-04-2027-1448x2048.jpg 1448w\" sizes=\"auto, (max-width: 1810px) 100vw, 1810px\" \/><\/a><\/div><\/figure>\n\n\t\t<\/div>\n\t<\/div>\n<\/div><\/div><\/div><\/div><div class=\"vc_row wpb_row vc_row-fluid vc_custom_1625732051749 vc_row-o-content-middle vc_row-flex wpex-vc-full-width-row wpex-vc-full-width-row--centered wpex-relative wpex-vc_row-has-fill wpex-vc-reset-negative-margin\"><div class=\"wpb_column vc_column_container vc_col-sm-8\"><div class=\"vc_column-inner\"><div class=\"wpb_wrapper\">\n\t<div class=\"wpb_text_column wpb_content_element\" >\n\t\t<div class=\"wpb_wrapper\">\n\t\t\t<p><h2 class=\"vcex-heading vcex-heading-plain vcex-module wpex-heading wpex-text-2xl\"><span class=\"vcex-heading-inner wpex-inline-block\">VCA zertifiziert<\/span><\/h2>\n\t<div class=\"wpb_text_column wpb_content_element\" >\n\t\t<div class=\"wpb_wrapper\">\n\t\t\t\n\t\t<\/div>\n\t<\/div>\nNiks Infra ist VCA zertifiziert.<\/p>\n<p>Das bedeutet in den Grundz\u00fcgen, dass wir \u00fcber ein Managementsystem verf\u00fcgen, mit dem die Sicherheit am Arbeitsplatz gef\u00f6rdert wird. VCA ist gesetzlich nicht vorgeschrieben, jedoch verlangen Beh\u00f6rden und Auftraggeber das VCA Zertifikat h\u00e4ufig als Voraussetzung bei Ausschreibungen. Dadurch hat der Auftraggeber die Gewissheit, dass die beauftragten Unternehmen nach den allgemein g\u00fcltigen Sicherheitsverfahren arbeiten und dass die Mitarbeitenden \u00fcber die erforderlichen Kenntnisse und F\u00e4higkeiten verf\u00fcgen.<\/p>\n\n\t\t<\/div>\n\t<\/div>\n<\/div><\/div><\/div><div class=\"wpb_column vc_column_container vc_col-sm-4\"><div class=\"vc_column-inner\"><div class=\"wpb_wrapper\">\n\t<div class=\"wpb_text_column wpb_content_element\" >\n\t\t<div class=\"wpb_wrapper\">\n\t\t\t<figure class=\"vcex-image vcex-module\"><div class=\"vcex-image-inner wpex-relative wpex-inline-block\"><a href=\"https:\/\/niksinfra.nl\/wp-content\/uploads\/2023\/12\/VCA-23-27.jpg\" class=\"wpex-lightbox\"><img width=\"592\" height=\"836\" src=\"https:\/\/niksinfra.nl\/wp-content\/uploads\/2023\/12\/VCA-23-27.jpg\" class=\"vcex-image-img wpex-align-middle\" alt=\"\" loading=\"lazy\" decoding=\"async\" srcset=\"https:\/\/niksinfra.nl\/wp-content\/uploads\/2023\/12\/VCA-23-27.jpg 592w, https:\/\/niksinfra.nl\/wp-content\/uploads\/2023\/12\/VCA-23-27-212x300.jpg 212w\" sizes=\"auto, (max-width: 592px) 100vw, 592px\" \/><\/a><\/div><\/figure>\n\n\t\t<\/div>\n\t<\/div>\n<\/div><\/div><\/div><\/div>\n<\/div>","protected":false},"excerpt":{"rendered":"CKB gecertificeerd De CKB- regeling beoogt de kwaliteit, veiligheid, milieuzorg en arbeidsomstandigheden te stimuleren en te borgen in de kabel- en buizenlegbranche door door eisen te stellen aan het KAM- beheerssysteem (Kwaliteit, Arbo, Milieu) van de CKB- gecertificeerde organisatie. Niks Infra toont hiermee aan dat we voor de gecertificeerde processen: beschikken over medewerkers met voldoende&hellip;","protected":false},"author":7,"featured_media":0,"parent":0,"menu_order":0,"comment_status":"closed","ping_status":"closed","template":"","meta":{"footnotes":""},"class_list":["post-6577","page","type-page","status-publish","hentry","entry","no-media"],"yoast_head":"<!-- This site is optimized with the Yoast SEO plugin v26.8 - https:\/\/yoast.com\/product\/yoast-seo-wordpress\/ -->\n<title>Certificering - Niks Infra B.V.<\/title>\n<meta name=\"robots\" content=\"index, follow, max-snippet:-1, max-image-preview:large, max-video-preview:-1\" \/>\n<link rel=\"canonical\" href=\"https:\/\/niksinfra.nl\/de\/certificering\/\" \/>\n<meta property=\"og:locale\" content=\"de_DE\" \/>\n<meta property=\"og:type\" content=\"article\" \/>\n<meta property=\"og:title\" content=\"Certificering - Niks Infra B.V.\" \/>\n<meta property=\"og:url\" content=\"https:\/\/niksinfra.nl\/de\/certificering\/\" \/>\n<meta property=\"og:site_name\" content=\"Niks Infra B.V.\" \/>\n<meta property=\"article:modified_time\" content=\"2024-12-07T14:54:28+00:00\" \/>\n<meta name=\"twitter:card\" content=\"summary_large_image\" \/>\n<meta name=\"twitter:label1\" content=\"Gesch\u00e4tzte Lesezeit\" \/>\n\t<meta name=\"twitter:data1\" content=\"2\u00a0Minuten\" \/>\n<script type=\"application\/ld+json\" class=\"yoast-schema-graph\">{\"@context\":\"https:\/\/schema.org\",\"@graph\":[{\"@type\":\"WebPage\",\"@id\":\"https:\/\/niksinfra.nl\/certificering\/\",\"url\":\"https:\/\/niksinfra.nl\/certificering\/\",\"name\":\"Certificering - Niks Infra B.V.\",\"isPartOf\":{\"@id\":\"https:\/\/niksinfra.nl\/#website\"},\"datePublished\":\"2021-07-08T07:31:50+00:00\",\"dateModified\":\"2024-12-07T14:54:28+00:00\",\"breadcrumb\":{\"@id\":\"https:\/\/niksinfra.nl\/certificering\/#breadcrumb\"},\"inLanguage\":\"de\",\"potentialAction\":[{\"@type\":\"ReadAction\",\"target\":[\"https:\/\/niksinfra.nl\/certificering\/\"]}]},{\"@type\":\"BreadcrumbList\",\"@id\":\"https:\/\/niksinfra.nl\/certificering\/#breadcrumb\",\"itemListElement\":[{\"@type\":\"ListItem\",\"position\":1,\"name\":\"Home\",\"item\":\"https:\/\/niksinfra.nl\/\"},{\"@type\":\"ListItem\",\"position\":2,\"name\":\"Certificering\"}]},{\"@type\":\"WebSite\",\"@id\":\"https:\/\/niksinfra.nl\/#website\",\"url\":\"https:\/\/niksinfra.nl\/\",\"name\":\"Niks Infra B.V.\",\"description\":\"Aannemingsbedrijf gespecialiseerd in het aanleggen van ondergrondse infrastructuur\",\"publisher\":{\"@id\":\"https:\/\/niksinfra.nl\/#organization\"},\"potentialAction\":[{\"@type\":\"SearchAction\",\"target\":{\"@type\":\"EntryPoint\",\"urlTemplate\":\"https:\/\/niksinfra.nl\/?s={search_term_string}\"},\"query-input\":{\"@type\":\"PropertyValueSpecification\",\"valueRequired\":true,\"valueName\":\"search_term_string\"}}],\"inLanguage\":\"de\"},{\"@type\":\"Organization\",\"@id\":\"https:\/\/niksinfra.nl\/#organization\",\"name\":\"Niks Infra B.V.\",\"url\":\"https:\/\/niksinfra.nl\/\",\"logo\":{\"@type\":\"ImageObject\",\"inLanguage\":\"de\",\"@id\":\"https:\/\/niksinfra.nl\/#\/schema\/logo\/image\/\",\"url\":\"https:\/\/niksinfra.nl\/wp-content\/uploads\/2021\/06\/logo.png\",\"contentUrl\":\"https:\/\/niksinfra.nl\/wp-content\/uploads\/2021\/06\/logo.png\",\"width\":400,\"height\":150,\"caption\":\"Niks Infra B.V.\"},\"image\":{\"@id\":\"https:\/\/niksinfra.nl\/#\/schema\/logo\/image\/\"}}]}<\/script>\n<!-- \/ Yoast SEO plugin. -->","yoast_head_json":{"title":"Certificering - Niks Infra B.V.","robots":{"index":"index","follow":"follow","max-snippet":"max-snippet:-1","max-image-preview":"max-image-preview:large","max-video-preview":"max-video-preview:-1"},"canonical":"https:\/\/niksinfra.nl\/de\/certificering\/","og_locale":"de_DE","og_type":"article","og_title":"Certificering - Niks Infra B.V.","og_url":"https:\/\/niksinfra.nl\/de\/certificering\/","og_site_name":"Niks Infra B.V.","article_modified_time":"2024-12-07T14:54:28+00:00","twitter_card":"summary_large_image","twitter_misc":{"Gesch\u00e4tzte Lesezeit":"2\u00a0Minuten"},"schema":{"@context":"https:\/\/schema.org","@graph":[{"@type":"WebPage","@id":"https:\/\/niksinfra.nl\/certificering\/","url":"https:\/\/niksinfra.nl\/certificering\/","name":"Certificering - Niks Infra B.V.","isPartOf":{"@id":"https:\/\/niksinfra.nl\/#website"},"datePublished":"2021-07-08T07:31:50+00:00","dateModified":"2024-12-07T14:54:28+00:00","breadcrumb":{"@id":"https:\/\/niksinfra.nl\/certificering\/#breadcrumb"},"inLanguage":"de","potentialAction":[{"@type":"ReadAction","target":["https:\/\/niksinfra.nl\/certificering\/"]}]},{"@type":"BreadcrumbList","@id":"https:\/\/niksinfra.nl\/certificering\/#breadcrumb","itemListElement":[{"@type":"ListItem","position":1,"name":"Home","item":"https:\/\/niksinfra.nl\/"},{"@type":"ListItem","position":2,"name":"Certificering"}]},{"@type":"WebSite","@id":"https:\/\/niksinfra.nl\/#website","url":"https:\/\/niksinfra.nl\/","name":"Niks Infra B.V.","description":"Aannemingsbedrijf gespecialiseerd in het aanleggen van ondergrondse infrastructuur","publisher":{"@id":"https:\/\/niksinfra.nl\/#organization"},"potentialAction":[{"@type":"SearchAction","target":{"@type":"EntryPoint","urlTemplate":"https:\/\/niksinfra.nl\/?s={search_term_string}"},"query-input":{"@type":"PropertyValueSpecification","valueRequired":true,"valueName":"search_term_string"}}],"inLanguage":"de"},{"@type":"Organization","@id":"https:\/\/niksinfra.nl\/#organization","name":"Niks Infra B.V.","url":"https:\/\/niksinfra.nl\/","logo":{"@type":"ImageObject","inLanguage":"de","@id":"https:\/\/niksinfra.nl\/#\/schema\/logo\/image\/","url":"https:\/\/niksinfra.nl\/wp-content\/uploads\/2021\/06\/logo.png","contentUrl":"https:\/\/niksinfra.nl\/wp-content\/uploads\/2021\/06\/logo.png","width":400,"height":150,"caption":"Niks Infra B.V."},"image":{"@id":"https:\/\/niksinfra.nl\/#\/schema\/logo\/image\/"}}]}},"_links":{"self":[{"href":"https:\/\/niksinfra.nl\/de\/wp-json\/wp\/v2\/pages\/6577","targetHints":{"allow":["GET"]}}],"collection":[{"href":"https:\/\/niksinfra.nl\/de\/wp-json\/wp\/v2\/pages"}],"about":[{"href":"https:\/\/niksinfra.nl\/de\/wp-json\/wp\/v2\/types\/page"}],"author":[{"embeddable":true,"href":"https:\/\/niksinfra.nl\/de\/wp-json\/wp\/v2\/users\/7"}],"replies":[{"embeddable":true,"href":"https:\/\/niksinfra.nl\/de\/wp-json\/wp\/v2\/comments?post=6577"}],"version-history":[{"count":63,"href":"https:\/\/niksinfra.nl\/de\/wp-json\/wp\/v2\/pages\/6577\/revisions"}],"predecessor-version":[{"id":11700,"href":"https:\/\/niksinfra.nl\/de\/wp-json\/wp\/v2\/pages\/6577\/revisions\/11700"}],"wp:attachment":[{"href":"https:\/\/niksinfra.nl\/de\/wp-json\/wp\/v2\/media?parent=6577"}],"curies":[{"name":"wp","href":"https:\/\/api.w.org\/{rel}","templated":true}]}}